{"id":9,"date":"2023-04-20T11:51:16","date_gmt":"2023-04-20T09:51:16","guid":{"rendered":"https:\/\/beta.blaustudio.de\/de\/?page_id=9"},"modified":"2023-07-30T12:24:13","modified_gmt":"2023-07-30T10:24:13","slug":"home","status":"publish","type":"page","link":"https:\/\/beta.blaustudio.de\/campus\/","title":{"rendered":"Home"},"content":{"rendered":"<div id='av_section_1'  class='avia-section av-3mrr-4457cca25f8dbfeb5cded47e4e30ad15 main_color avia-section-default avia-no-border-styling  avia-builder-el-0  el_before_av_layout_row  avia-builder-el-first  avia-bg-style-scroll container_wrap sidebar_right'  ><div class='container av-section-cont-open' ><main  role=\"main\" itemprop=\"mainContentOfPage\"  class='template-page content  av-content-small alpha units'><div class='post-entry post-entry-type-page post-entry-9'><div class='entry-content-wrapper clearfix'>\n\n<style type=\"text\/css\" data-created_by=\"avia_inline_auto\" id=\"style-css-av-lj5dkuu6-9eaf8434b418b0134ac70a10bb11b2c8\">\n#top .hr.hr-invisible.av-lj5dkuu6-9eaf8434b418b0134ac70a10bb11b2c8{\nheight:50px;\n}\n<\/style>\n<div  class='hr av-lj5dkuu6-9eaf8434b418b0134ac70a10bb11b2c8 hr-invisible  avia-builder-el-1  el_before_av_two_third  avia-builder-el-first '><span class='hr-inner '><span class=\"hr-inner-style\"><\/span><\/span><\/div>\n<div class='flex_column av-39ed-cbb64796f6e11caf344c135b21f6c8e8 av_two_third  avia-builder-el-2  el_after_av_hr  el_before_av_one_third  first flex_column_div '     ><p>\n<style type=\"text\/css\" data-created_by=\"avia_inline_auto\" id=\"style-css-av-lj5g60hi-4a1deefe1c39ab8d5cd5b8c76e66ca41\">\n#top .av-special-heading.av-lj5g60hi-4a1deefe1c39ab8d5cd5b8c76e66ca41{\npadding-bottom:10px;\nfont-size:80px;\n}\nbody .av-special-heading.av-lj5g60hi-4a1deefe1c39ab8d5cd5b8c76e66ca41 .av-special-heading-tag .heading-char{\nfont-size:25px;\n}\n#top #wrap_all .av-special-heading.av-lj5g60hi-4a1deefe1c39ab8d5cd5b8c76e66ca41 .av-special-heading-tag{\nfont-size:80px;\n}\n.av-special-heading.av-lj5g60hi-4a1deefe1c39ab8d5cd5b8c76e66ca41 .av-subheading{\nfont-size:15px;\n}\n\n@media only screen and (min-width: 480px) and (max-width: 767px){ \n#top #wrap_all .av-special-heading.av-lj5g60hi-4a1deefe1c39ab8d5cd5b8c76e66ca41 .av-special-heading-tag{\nfont-size:0.8em;\n}\n}\n\n@media only screen and (max-width: 479px){ \n#top #wrap_all .av-special-heading.av-lj5g60hi-4a1deefe1c39ab8d5cd5b8c76e66ca41 .av-special-heading-tag{\nfont-size:0.8em;\n}\n}\n<\/style>\n<div  class='av-special-heading av-lj5g60hi-4a1deefe1c39ab8d5cd5b8c76e66ca41 av-special-heading-h1 blockquote modern-quote  avia-builder-el-3  el_before_av_textblock  avia-builder-el-first  av-inherit-size'><h1 class='av-special-heading-tag'  itemprop=\"headline\"  >Das Lernprogramm f\u00fcr Geb\u00e4ude von Morgen! <\/h1><div class=\"special-heading-border\"><div class=\"special-heading-inner-border\"><\/div><\/div><\/div><br \/>\n\n<style type=\"text\/css\" data-created_by=\"avia_inline_auto\" id=\"style-css-av-lj5fnyw6-42ccceae01a671e09fa0ffdfce6fc21f\">\n#top .av_textblock_section.av-lj5fnyw6-42ccceae01a671e09fa0ffdfce6fc21f .avia_textblock{\nfont-size:30px;\n}\n<\/style>\n<section  class='av_textblock_section av-lj5fnyw6-42ccceae01a671e09fa0ffdfce6fc21f'  itemscope=\"itemscope\" itemtype=\"https:\/\/schema.org\/CreativeWork\" ><div class='avia_textblock'  itemprop=\"text\" ><p><em>Mit dem BLAUCampus Expert:in werden<\/em><\/p>\n<\/div><\/section><\/p><\/div><div class='flex_column av-3321-a63c08ead40a40d0da71452b01d39d21 av_one_third  avia-builder-el-5  el_after_av_two_third  avia-builder-el-last  flex_column_div '     ><\/div>\n\n<\/div><\/div><\/main><!-- close content main element --><\/div><\/div><div id='av-layout-grid-1'  class='av-layout-grid-container av-7i2r-f62c9f87d38441102dd01f34efad0e86 entry-content-wrapper alternate_color av-flex-cells  avia-builder-el-6  el_after_av_section  el_before_av_section  grid-row-not-first  container_wrap sidebar_right'  >\n<div class='flex_cell av-62nx-1bdf71adef93c76ac83416f2b3559ca2 av-gridrow-cell av_one_half no_margin  avia-builder-el-7  el_before_av_cell_one_half  avia-builder-el-first ' ><div class='flex_cell_inner'><p>\n<style type=\"text\/css\" data-created_by=\"avia_inline_auto\" id=\"style-css-av-lj5gje9z-0ac1bd6b3594ff38a14725e7a7d30498\">\n#top .hr.hr-invisible.av-lj5gje9z-0ac1bd6b3594ff38a14725e7a7d30498{\nheight:50px;\n}\n<\/style>\n<div  class='hr av-lj5gje9z-0ac1bd6b3594ff38a14725e7a7d30498 hr-invisible  avia-builder-el-8  el_before_av_textblock  avia-builder-el-first '><span class='hr-inner '><span class=\"hr-inner-style\"><\/span><\/span><\/div><br \/>\n\n<style type=\"text\/css\" data-created_by=\"avia_inline_auto\" id=\"style-css-av-lj5fxumc-2238e79bc9c4e30c1cbe0dfa054f4615\">\n#top .av_textblock_section.av-lj5fxumc-2238e79bc9c4e30c1cbe0dfa054f4615 .avia_textblock{\nfont-size:24px;\n}\n<\/style>\n<section  class='av_textblock_section av-lj5fxumc-2238e79bc9c4e30c1cbe0dfa054f4615'  itemscope=\"itemscope\" itemtype=\"https:\/\/schema.org\/CreativeWork\" ><div class='avia_textblock'  itemprop=\"text\" ><h6>Welchen Weg willst Du in Zukunft gehen?<\/h6>\n<\/div><\/section><br \/>\n\n<style type=\"text\/css\" data-created_by=\"avia_inline_auto\" id=\"style-css-av-2q4r-f12b583eeb4eb1b34722235bbf1f6b30\">\n#top .hr.hr-invisible.av-2q4r-f12b583eeb4eb1b34722235bbf1f6b30{\nheight:50px;\n}\n<\/style>\n<div  class='hr av-2q4r-f12b583eeb4eb1b34722235bbf1f6b30 hr-invisible  avia-builder-el-10  el_after_av_textblock  el_before_av_textblock '><span class='hr-inner '><span class=\"hr-inner-style\"><\/span><\/span><\/div><br \/>\n<section  class='av_textblock_section av-lj5gv478-f47c8740a0fd4756d7d9da2f303423ed'  itemscope=\"itemscope\" itemtype=\"https:\/\/schema.org\/CreativeWork\" ><div class='avia_textblock'  itemprop=\"text\" ><h2>Wir haben die Wahl.<\/h2>\n<p>Sie haben die Wahl. Du hast die Wahl.<\/p>\n<p>Mit dem BLAUCampus findest Du den richten Weg.<\/p>\n<p>Zukunftsorientiert. Ganzheitlich.<\/p>\n<p>Und anders als Du denkst.<\/p>\n<\/div><\/section><\/p>\n<\/div><\/div>\n<style type=\"text\/css\" data-created_by=\"avia_inline_auto\" id=\"style-css-av-2id1-a14562616875294223a78b2fa854345d\">\n.flex_cell.av-2id1-a14562616875294223a78b2fa854345d{\nvertical-align:top;\n}\n.responsive #top #wrap_all .flex_cell.av-2id1-a14562616875294223a78b2fa854345d{\npadding:0 0 0 0 !important;\n}\n<\/style>\n<div class='flex_cell av-2id1-a14562616875294223a78b2fa854345d av-gridrow-cell av_one_half no_margin  avia-builder-el-12  el_after_av_cell_one_half  avia-builder-el-last ' ><div class='flex_cell_inner'>\n<style type=\"text\/css\" data-created_by=\"avia_inline_auto\" id=\"style-css-av-lj5g0t8t-ec4ab8286007eaa7cee66a3c00e394d2\">\n.avia-image-container.av-lj5g0t8t-ec4ab8286007eaa7cee66a3c00e394d2 img.avia_image{\nbox-shadow:none;\n}\n.avia-image-container.av-lj5g0t8t-ec4ab8286007eaa7cee66a3c00e394d2 .av-image-caption-overlay-center{\ncolor:#ffffff;\n}\n<\/style>\n<div  class='avia-image-container av-lj5g0t8t-ec4ab8286007eaa7cee66a3c00e394d2 av-styling-no-styling avia-align-right  avia-builder-el-13  avia-builder-el-no-sibling '   itemprop=\"image\" itemscope=\"itemscope\" itemtype=\"https:\/\/schema.org\/ImageObject\" ><div class=\"avia-image-container-inner\"><div class=\"avia-image-overlay-wrap\"><img decoding=\"async\" class='wp-image-97 avia-img-lazy-loading-not-97 avia_image ' src=\"https:\/\/beta.blaustudio.de\/campus\/wp-content\/uploads\/sites\/2\/2023\/06\/DSC_0124_4-1500px-1030x580.jpg\" alt='' title='DSC_0124_4-1500px'  height=\"580\" width=\"1030\"  itemprop=\"thumbnailUrl\" srcset=\"https:\/\/beta.blaustudio.de\/campus\/wp-content\/uploads\/sites\/2\/2023\/06\/DSC_0124_4-1500px-1030x580.jpg 1030w, https:\/\/beta.blaustudio.de\/campus\/wp-content\/uploads\/sites\/2\/2023\/06\/DSC_0124_4-1500px-300x169.jpg 300w, https:\/\/beta.blaustudio.de\/campus\/wp-content\/uploads\/sites\/2\/2023\/06\/DSC_0124_4-1500px-768x432.jpg 768w, https:\/\/beta.blaustudio.de\/campus\/wp-content\/uploads\/sites\/2\/2023\/06\/DSC_0124_4-1500px-705x397.jpg 705w, https:\/\/beta.blaustudio.de\/campus\/wp-content\/uploads\/sites\/2\/2023\/06\/DSC_0124_4-1500px.jpg 1500w\" sizes=\"(max-width: 1030px) 100vw, 1030px\" \/><\/div><\/div><\/div>\n<\/div><\/div>\n<\/div>\n<div id='av_section_2'  class='avia-section av-lj4eewdd-622e4afab98f7a7d919aa7ff8057692e main_color avia-section-default avia-no-border-styling  avia-builder-el-14  el_after_av_layout_row  el_before_av_section  avia-bg-style-scroll container_wrap sidebar_right'  ><div class='container av-section-cont-open' ><div class='template-page content  av-content-small alpha units'><div class='post-entry post-entry-type-page post-entry-9'><div class='entry-content-wrapper clearfix'>\n<div class='flex_column av-5iul-d3dfb18851f6fbb6699ba8d20a11d3e3 av_one_third  avia-builder-el-15  el_before_av_two_third  avia-builder-el-first  first flex_column_div '     ><\/div><div class='flex_column av-2iwr-5a790f26f2e35e5759688862d8466e61 av_two_third  avia-builder-el-16  el_after_av_one_third  avia-builder-el-last  flex_column_div '     ><p>\n<style type=\"text\/css\" data-created_by=\"avia_inline_auto\" id=\"style-css-av-lj5gsd4c-0ab2f664b095117a664016b689cc79af\">\n#top .av-special-heading.av-lj5gsd4c-0ab2f664b095117a664016b689cc79af{\npadding-bottom:10px;\nfont-size:60px;\n}\nbody .av-special-heading.av-lj5gsd4c-0ab2f664b095117a664016b689cc79af .av-special-heading-tag .heading-char{\nfont-size:25px;\n}\n#top #wrap_all .av-special-heading.av-lj5gsd4c-0ab2f664b095117a664016b689cc79af .av-special-heading-tag{\nfont-size:60px;\n}\n.av-special-heading.av-lj5gsd4c-0ab2f664b095117a664016b689cc79af .av-subheading{\nfont-size:15px;\n}\n\n@media only screen and (min-width: 480px) and (max-width: 767px){ \n#top #wrap_all .av-special-heading.av-lj5gsd4c-0ab2f664b095117a664016b689cc79af .av-special-heading-tag{\nfont-size:0.8em;\n}\n}\n\n@media only screen and (max-width: 479px){ \n#top #wrap_all .av-special-heading.av-lj5gsd4c-0ab2f664b095117a664016b689cc79af .av-special-heading-tag{\nfont-size:0.8em;\n}\n}\n<\/style>\n<div  class='av-special-heading av-lj5gsd4c-0ab2f664b095117a664016b689cc79af av-special-heading-h1 blockquote modern-quote  avia-builder-el-17  el_before_av_textblock  avia-builder-el-first  av-inherit-size'><h1 class='av-special-heading-tag'  itemprop=\"headline\"  >Er\u00f6ffne Dir neue M\u00f6glichkeitsr\u00e4ume<\/h1><div class=\"special-heading-border\"><div class=\"special-heading-inner-border\"><\/div><\/div><\/div><br \/>\n\n<style type=\"text\/css\" data-created_by=\"avia_inline_auto\" id=\"style-css-av-lj5gsru8-6a01a68710210f141ed50e7ad611e31b\">\n#top .av_textblock_section.av-lj5gsru8-6a01a68710210f141ed50e7ad611e31b .avia_textblock{\nfont-size:30px;\n}\n<\/style>\n<section  class='av_textblock_section av-lj5gsru8-6a01a68710210f141ed50e7ad611e31b'  itemscope=\"itemscope\" itemtype=\"https:\/\/schema.org\/CreativeWork\" ><div class='avia_textblock'  itemprop=\"text\" ><p><em>Du wirst begeistert sein.<br \/>\n<\/em><\/p>\n<\/div><\/section><\/p><\/div>\n\n<\/div><\/div><\/div><!-- close content main div --><\/div><\/div><div id='av_section_3'  class='avia-section av-lj5guf7u-ac4ba84baaf197c87b357d5b1461ab81 alternate_color avia-section-default avia-no-border-styling  avia-builder-el-19  el_after_av_section  el_before_av_section  avia-bg-style-scroll container_wrap sidebar_right'  ><div class='container av-section-cont-open' ><div class='template-page content  av-content-small alpha units'><div class='post-entry post-entry-type-page post-entry-9'><div class='entry-content-wrapper clearfix'>\n<div class='flex_column av-32bd-fec23cf8fb0ef1074bb7fce42c018407 av_three_fourth  avia-builder-el-20  el_before_av_one_fourth  avia-builder-el-first  first flex_column_div '     ><section  class='av_textblock_section av-lj5hr03h-8954d57b06e81b94592db28411651c2b'  itemscope=\"itemscope\" itemtype=\"https:\/\/schema.org\/CreativeWork\" ><div class='avia_textblock'  itemprop=\"text\" ><h4>\u00dcber mich<\/h4>\n<\/div><\/section><br \/>\n\n<style type=\"text\/css\" data-created_by=\"avia_inline_auto\" id=\"style-css-av-lj5hwt3u-3070712ac8c60a7e1cb05d1543067e46\">\n#top .hr.hr-invisible.av-lj5hwt3u-3070712ac8c60a7e1cb05d1543067e46{\nheight:20px;\n}\n<\/style>\n<div  class='hr av-lj5hwt3u-3070712ac8c60a7e1cb05d1543067e46 hr-invisible  avia-builder-el-22  el_after_av_textblock  el_before_av_textblock '><span class='hr-inner '><span class=\"hr-inner-style\"><\/span><\/span><\/div><br \/>\n<section  class='av_textblock_section av-lj5hvwpa-1f23b1ccc2452b2165f870efec18463b'  itemscope=\"itemscope\" itemtype=\"https:\/\/schema.org\/CreativeWork\" ><div class='avia_textblock'  itemprop=\"text\" ><h3>Ich bin Heide Schuster,<\/h3>\n<p>Architektin<\/p>\n<p>Nachhaltigkeitsexpertin<\/p>\n<p>Dozentin<\/p>\n<p>Seit \u00fcber 20Jahren begleite ich Bauherren und -Frauen auf dem Weg zum nachhaltigen Geb\u00e4ude.<\/p>\n<\/div><\/section><br \/>\n<div  class='avia-button-wrap av-lj5i79fa-f727d17a6fe99e678fd26f19ea873122-wrap avia-button-left  avia-builder-el-24  el_after_av_textblock  avia-builder-el-last '><a href=''  class='avia-button av-lj5i79fa-f727d17a6fe99e678fd26f19ea873122 avia-icon_select-yes-left-icon avia-size-large avia-position-left avia-color-theme-color'  ><span class='avia_button_icon avia_button_icon_left' aria-hidden='true' data-av_icon='\ue841' data-av_iconfont='entypo-fontello'><\/span><span class='avia_iconbox_title' >Mehr \u00fcber mich<\/span><\/a><\/div><\/p><\/div><div class='flex_column av-ch5-472d54ee311881aeedc08232c3ca4209 av_one_fourth  avia-builder-el-25  el_after_av_three_fourth  el_before_av_hr  flex_column_div '     ><style type=\"text\/css\" data-created_by=\"avia_inline_auto\" id=\"style-css-av-lkpanlkw-760e180e4130e0a5198cb3002391142a\">\n.avia-image-container.av-lkpanlkw-760e180e4130e0a5198cb3002391142a img.avia_image{\nbox-shadow:none;\n}\n.avia-image-container.av-lkpanlkw-760e180e4130e0a5198cb3002391142a .av-image-caption-overlay-center{\ncolor:#ffffff;\n}\n<\/style>\n<div  class='avia-image-container av-lkpanlkw-760e180e4130e0a5198cb3002391142a av-styling- avia-align-center  avia-builder-el-26  avia-builder-el-no-sibling '   itemprop=\"image\" itemscope=\"itemscope\" itemtype=\"https:\/\/schema.org\/ImageObject\" ><div class=\"avia-image-container-inner\"><div class=\"avia-image-overlay-wrap\"><img decoding=\"async\" class='wp-image-195 avia-img-lazy-loading-not-195 avia_image ' src=\"https:\/\/beta.blaustudio.de\/campus\/wp-content\/uploads\/sites\/2\/2023\/07\/DSC_0478-II-klein-200x300.jpg\" alt='' title='DSC_0478 II - klein'  height=\"300\" width=\"200\"  itemprop=\"thumbnailUrl\" srcset=\"https:\/\/beta.blaustudio.de\/campus\/wp-content\/uploads\/sites\/2\/2023\/07\/DSC_0478-II-klein-200x300.jpg 200w, https:\/\/beta.blaustudio.de\/campus\/wp-content\/uploads\/sites\/2\/2023\/07\/DSC_0478-II-klein-685x1030.jpg 685w, https:\/\/beta.blaustudio.de\/campus\/wp-content\/uploads\/sites\/2\/2023\/07\/DSC_0478-II-klein-768x1154.jpg 768w, https:\/\/beta.blaustudio.de\/campus\/wp-content\/uploads\/sites\/2\/2023\/07\/DSC_0478-II-klein-998x1500.jpg 998w, https:\/\/beta.blaustudio.de\/campus\/wp-content\/uploads\/sites\/2\/2023\/07\/DSC_0478-II-klein-469x705.jpg 469w, https:\/\/beta.blaustudio.de\/campus\/wp-content\/uploads\/sites\/2\/2023\/07\/DSC_0478-II-klein.jpg 1000w\" sizes=\"(max-width: 200px) 100vw, 200px\" \/><\/div><\/div><\/div><\/div>\n<style type=\"text\/css\" data-created_by=\"avia_inline_auto\" id=\"style-css-av-lj5i71et-788c49f7614c4eb63b94a022c8c5cff7\">\n#top .hr.hr-invisible.av-lj5i71et-788c49f7614c4eb63b94a022c8c5cff7{\nheight:50px;\n}\n<\/style>\n<div  class='hr av-lj5i71et-788c49f7614c4eb63b94a022c8c5cff7 hr-invisible  avia-builder-el-27  el_after_av_one_fourth  el_before_av_three_fourth '><span class='hr-inner '><span class=\"hr-inner-style\"><\/span><\/span><\/div>\n<div class='flex_column av-av_three_fourth-7714eba142aeda1f8b5272a3c372b279 av_three_fourth  avia-builder-el-28  el_after_av_hr  avia-builder-el-last  first flex_column_div '     ><\/div><\/div><\/div><\/div><!-- close content main div --><\/div><\/div><div id='av_section_4'  class='avia-section av-2pql-e4a47154c108706e5222491bd7d5ce78 main_color avia-section-default avia-no-border-styling  avia-builder-el-29  el_after_av_section  el_before_av_image  avia-bg-style-scroll container_wrap sidebar_right'  ><div class='container av-section-cont-open' ><div class='template-page content  av-content-small alpha units'><div class='post-entry post-entry-type-page post-entry-9'><div class='entry-content-wrapper clearfix'><\/div><\/div><\/div><!-- close content main div --><\/div><\/div><div id='after_section_4'  class='main_color av_default_container_wrap container_wrap sidebar_right'  ><div class='container av-section-cont-open' ><div class='template-page content  av-content-small alpha units'><div class='post-entry post-entry-type-page post-entry-9'><div class='entry-content-wrapper clearfix'><\/p>\n\n<style type=\"text\/css\" data-created_by=\"avia_inline_auto\" id=\"style-css-av-av_image-b9a947020b3b90d24498a552bc2197d1\">\n.avia-image-container.av-av_image-b9a947020b3b90d24498a552bc2197d1 img.avia_image{\nbox-shadow:none;\n}\n.avia-image-container.av-av_image-b9a947020b3b90d24498a552bc2197d1 .av-image-caption-overlay-center{\ncolor:#ffffff;\n}\n<\/style>\n<div  class='avia-image-container av-av_image-b9a947020b3b90d24498a552bc2197d1 av-styling- avia-align-center  avia-builder-el-30  el_after_av_section  avia-builder-el-no-sibling '   itemprop=\"image\" itemscope=\"itemscope\" itemtype=\"https:\/\/schema.org\/ImageObject\" ><div class=\"avia-image-container-inner\"><div class=\"avia-image-overlay-wrap\"><img decoding=\"async\" class='wp-image- avia-img-lazy-loading-not- avia_image ' src=\"https:\/\/beta.blaustudio.de\/campus\/wp-content\/themes\/enfold\/config-templatebuilder\/avia-template-builder\/images\/placeholder.jpg\" alt='' title=''   itemprop=\"thumbnailUrl\"  \/><\/div><\/div><\/div>\n","protected":false},"excerpt":{"rendered":"","protected":false},"author":1,"featured_media":0,"parent":0,"menu_order":0,"comment_status":"closed","ping_status":"closed","template":"","meta":{"footnotes":""},"class_list":["post-9","page","type-page","status-publish","hentry"],"yoast_head":"<!-- This site is optimized with the Yoast SEO plugin v25.6 - https:\/\/yoast.com\/wordpress\/plugins\/seo\/ -->\n<title>Home - Blaustudio-Campus<\/title>\n<meta name=\"robots\" content=\"noindex, follow, max-snippet:-1, max-image-preview:large, max-video-preview:-1\" \/>\n<meta property=\"og:locale\" content=\"de_DE\" \/>\n<meta property=\"og:type\" content=\"article\" \/>\n<meta property=\"og:title\" content=\"Home - Blaustudio-Campus\" \/>\n<meta property=\"og:url\" content=\"https:\/\/beta.blaustudio.de\/campus\/\" \/>\n<meta property=\"og:site_name\" content=\"Blaustudio-Campus\" \/>\n<meta property=\"article:modified_time\" content=\"2023-07-30T10:24:13+00:00\" \/>\n<meta name=\"twitter:card\" content=\"summary_large_image\" \/>\n<meta name=\"twitter:label1\" content=\"Gesch\u00e4tzte Lesezeit\" \/>\n\t<meta name=\"twitter:data1\" content=\"19\u00a0Minuten\" \/>\n<script type=\"application\/ld+json\" class=\"yoast-schema-graph\">{\"@context\":\"https:\/\/schema.org\",\"@graph\":[{\"@type\":\"WebPage\",\"@id\":\"https:\/\/beta.blaustudio.de\/campus\/\",\"url\":\"https:\/\/beta.blaustudio.de\/campus\/\",\"name\":\"Home - Blaustudio-Campus\",\"isPartOf\":{\"@id\":\"https:\/\/beta.blaustudio.de\/campus\/#website\"},\"datePublished\":\"2023-04-20T09:51:16+00:00\",\"dateModified\":\"2023-07-30T10:24:13+00:00\",\"breadcrumb\":{\"@id\":\"https:\/\/beta.blaustudio.de\/campus\/#breadcrumb\"},\"inLanguage\":\"de\",\"potentialAction\":[{\"@type\":\"ReadAction\",\"target\":[\"https:\/\/beta.blaustudio.de\/campus\/\"]}]},{\"@type\":\"BreadcrumbList\",\"@id\":\"https:\/\/beta.blaustudio.de\/campus\/#breadcrumb\",\"itemListElement\":[{\"@type\":\"ListItem\",\"position\":1,\"name\":\"Startseite\",\"item\":\"https:\/\/beta.blaustudio.de\/campus\/\"},{\"@type\":\"ListItem\",\"position\":2,\"name\":\"Home\"}]},{\"@type\":\"WebSite\",\"@id\":\"https:\/\/beta.blaustudio.de\/campus\/#website\",\"url\":\"https:\/\/beta.blaustudio.de\/campus\/\",\"name\":\"Blaustudio-Campus\",\"description\":\"Eine weitere Blaustudio Websites Website\",\"potentialAction\":[{\"@type\":\"SearchAction\",\"target\":{\"@type\":\"EntryPoint\",\"urlTemplate\":\"https:\/\/beta.blaustudio.de\/campus\/?s={search_term_string}\"},\"query-input\":{\"@type\":\"PropertyValueSpecification\",\"valueRequired\":true,\"valueName\":\"search_term_string\"}}],\"inLanguage\":\"de\"}]}<\/script>\n<!-- \/ Yoast SEO plugin. -->","yoast_head_json":{"title":"Home - Blaustudio-Campus","robots":{"index":"noindex","follow":"follow","max-snippet":"max-snippet:-1","max-image-preview":"max-image-preview:large","max-video-preview":"max-video-preview:-1"},"og_locale":"de_DE","og_type":"article","og_title":"Home - Blaustudio-Campus","og_url":"https:\/\/beta.blaustudio.de\/campus\/","og_site_name":"Blaustudio-Campus","article_modified_time":"2023-07-30T10:24:13+00:00","twitter_card":"summary_large_image","twitter_misc":{"Gesch\u00e4tzte Lesezeit":"19\u00a0Minuten"},"schema":{"@context":"https:\/\/schema.org","@graph":[{"@type":"WebPage","@id":"https:\/\/beta.blaustudio.de\/campus\/","url":"https:\/\/beta.blaustudio.de\/campus\/","name":"Home - Blaustudio-Campus","isPartOf":{"@id":"https:\/\/beta.blaustudio.de\/campus\/#website"},"datePublished":"2023-04-20T09:51:16+00:00","dateModified":"2023-07-30T10:24:13+00:00","breadcrumb":{"@id":"https:\/\/beta.blaustudio.de\/campus\/#breadcrumb"},"inLanguage":"de","potentialAction":[{"@type":"ReadAction","target":["https:\/\/beta.blaustudio.de\/campus\/"]}]},{"@type":"BreadcrumbList","@id":"https:\/\/beta.blaustudio.de\/campus\/#breadcrumb","itemListElement":[{"@type":"ListItem","position":1,"name":"Startseite","item":"https:\/\/beta.blaustudio.de\/campus\/"},{"@type":"ListItem","position":2,"name":"Home"}]},{"@type":"WebSite","@id":"https:\/\/beta.blaustudio.de\/campus\/#website","url":"https:\/\/beta.blaustudio.de\/campus\/","name":"Blaustudio-Campus","description":"Eine weitere Blaustudio Websites Website","potentialAction":[{"@type":"SearchAction","target":{"@type":"EntryPoint","urlTemplate":"https:\/\/beta.blaustudio.de\/campus\/?s={search_term_string}"},"query-input":{"@type":"PropertyValueSpecification","valueRequired":true,"valueName":"search_term_string"}}],"inLanguage":"de"}]}},"_links":{"self":[{"href":"https:\/\/beta.blaustudio.de\/campus\/wp-json\/wp\/v2\/pages\/9"}],"collection":[{"href":"https:\/\/beta.blaustudio.de\/campus\/wp-json\/wp\/v2\/pages"}],"about":[{"href":"https:\/\/beta.blaustudio.de\/campus\/wp-json\/wp\/v2\/types\/page"}],"author":[{"embeddable":true,"href":"https:\/\/beta.blaustudio.de\/campus\/wp-json\/wp\/v2\/users\/1"}],"replies":[{"embeddable":true,"href":"https:\/\/beta.blaustudio.de\/campus\/wp-json\/wp\/v2\/comments?post=9"}],"version-history":[{"count":3,"href":"https:\/\/beta.blaustudio.de\/campus\/wp-json\/wp\/v2\/pages\/9\/revisions"}],"predecessor-version":[{"id":193,"href":"https:\/\/beta.blaustudio.de\/campus\/wp-json\/wp\/v2\/pages\/9\/revisions\/193"}],"wp:attachment":[{"href":"https:\/\/beta.blaustudio.de\/campus\/wp-json\/wp\/v2\/media?parent=9"}],"curies":[{"name":"wp","href":"https:\/\/api.w.org\/{rel}","templated":true}]}}