{"id":109,"date":"2023-06-21T12:24:49","date_gmt":"2023-06-21T10:24:49","guid":{"rendered":"https:\/\/beta.blaustudio.de\/campus\/?page_id=109"},"modified":"2023-06-21T17:19:21","modified_gmt":"2023-06-21T15:19:21","slug":"dummy-campus","status":"publish","type":"page","link":"https:\/\/beta.blaustudio.de\/campus\/dummy-campus\/","title":{"rendered":"Dummy-Campus"},"content":{"rendered":"<div id='av_section_1'  class='avia-section av-243mml-481b80ecde48cac8b9566a3ee3682ac9 main_color avia-section-default avia-no-border-styling  avia-builder-el-0  el_before_av_section  avia-builder-el-first  avia-bg-style-scroll container_wrap sidebar_right'  ><div class='container av-section-cont-open' ><main  role=\"main\" itemprop=\"mainContentOfPage\"  class='template-page content  av-content-small alpha units'><div class='post-entry post-entry-type-page post-entry-109'><div class='entry-content-wrapper clearfix'>\n\n<style type=\"text\/css\" data-created_by=\"avia_inline_auto\" id=\"style-css-av-6s8it-cce046e8c12bde64acccc3c70a8343aa\">\n#top .hr.hr-invisible.av-6s8it-cce046e8c12bde64acccc3c70a8343aa{\nheight:50px;\n}\n<\/style>\n<div  class='hr av-6s8it-cce046e8c12bde64acccc3c70a8343aa hr-invisible  avia-builder-el-1  el_before_av_three_fifth  avia-builder-el-first '><span class='hr-inner '><span class=\"hr-inner-style\"><\/span><\/span><\/div>\n<div class='flex_column av-1r756d-895ffba67bfbb3afef3d5b1fc1e64dc2 av_three_fifth  avia-builder-el-2  el_after_av_hr  el_before_av_two_fifth  first flex_column_div '     ><style type=\"text\/css\" data-created_by=\"avia_inline_auto\" id=\"style-css-av-1k4991-ed2cc218c8268f45c617eb7bb5f3986b\">\n#top .av_textblock_section.av-1k4991-ed2cc218c8268f45c617eb7bb5f3986b .avia_textblock{\nfont-size:40px;\n}\n<\/style>\n<section  class='av_textblock_section av-1k4991-ed2cc218c8268f45c617eb7bb5f3986b'  itemscope=\"itemscope\" itemtype=\"https:\/\/schema.org\/CreativeWork\" ><div class='avia_textblock'  itemprop=\"text\" ><h1>Nachhaltige Architektur lernen<\/h1>\n<\/div><\/section><br \/>\n\n<style type=\"text\/css\" data-created_by=\"avia_inline_auto\" id=\"style-css-av-1fa69x-0390ded1e3404728de2e1d984a0999cc\">\n#top .av_textblock_section.av-1fa69x-0390ded1e3404728de2e1d984a0999cc .avia_textblock{\nfont-size:24px;\n}\n<\/style>\n<section  class='av_textblock_section av-1fa69x-0390ded1e3404728de2e1d984a0999cc'  itemscope=\"itemscope\" itemtype=\"https:\/\/schema.org\/CreativeWork\" ><div class='avia_textblock'  itemprop=\"text\" ><p><em>Untertitel als Textblock, kursiv und Schriftgr\u00f6\u00dfe (Stil) manuell anlegen<br \/>\n<\/em><\/p>\n<\/div><\/section><\/p><\/div><div class='flex_column av-92ipp-3e8876d3c0003bcb945f1b73ae3b38e9 av_two_fifth  avia-builder-el-5  el_after_av_three_fifth  avia-builder-el-last  flex_column_div '     ><section  class='av_textblock_section av-lj5eiuzc-dc1aadc0d43f1713260aa649c051f54b'  itemscope=\"itemscope\" itemtype=\"https:\/\/schema.org\/CreativeWork\" ><div class='avia_textblock'  itemprop=\"text\" ><p>Hintergrundfarbe dieser &#8222;Farbsektion&#8220; ist &#8222;Main Content&#8220;, wird beim Einf\u00fcgen automatisch verwendet, oder festlegen unter &#8222;Stil&#8220;<\/p>\n<\/div><\/section><\/div>\n\n<\/div><\/div><\/main><!-- close content main element --><\/div><\/div><div id='av_section_2'  class='avia-section av-17yvvp-16b699cf9a45a8baa4de8a854fc2d8b5 alternate_color avia-section-default avia-no-border-styling  avia-builder-el-7  el_after_av_section  el_before_av_section  avia-bg-style-scroll container_wrap sidebar_right'  ><div class='container av-section-cont-open' ><div class='template-page content  av-content-small alpha units'><div class='post-entry post-entry-type-page post-entry-109'><div class='entry-content-wrapper clearfix'>\n<div class='flex_column av-12bael-763fe9649227990380e66f275356ab03 av_one_half  avia-builder-el-8  el_before_av_one_half  avia-builder-el-first  first flex_column_div '     ><section  class='av_textblock_section av-xl339-7ac87308f404f3f28d636931922febd6'  itemscope=\"itemscope\" itemtype=\"https:\/\/schema.org\/CreativeWork\" ><div class='avia_textblock'  itemprop=\"text\" ><h1>H1 Klicke hier, um Ihren eigenen Text einzuf\u00fcgen<\/h1>\n<h2>H2 Klicke hier, um Ihren eigenen Text einzuf\u00fcgen<\/h2>\n<h3>H3 Klicke hier, um Ihren eigenen Text einzuf\u00fcgen<\/h3>\n<h4>H4 Klicke hier, um Ihren eigenen Text einzuf\u00fcgen<\/h4>\n<h5>H5 Klicke hier, um Ihren eigenen Text einzuf\u00fcgen<\/h5>\n<hr \/>\n<h6>H6 &#8211; diese \u00dcberschriftengr\u00f6\u00dfe ist speziell f\u00fcr Bild-Notizen o.\u00e4. reserviert<\/h6>\n<\/div><\/section><\/div><div class='flex_column av-p7jdp-ef38e1c563869478f6fb97f9a064018b av_one_half  avia-builder-el-10  el_after_av_one_half  avia-builder-el-last  flex_column_div '     ><p><section  class='av_textblock_section av-lj5el19c-7eee71123f22999e65ef854dd57f589b'  itemscope=\"itemscope\" itemtype=\"https:\/\/schema.org\/CreativeWork\" ><div class='avia_textblock'  itemprop=\"text\" ><p>Hintergrundfarbe dieser &#8222;Farbsektion&#8220; ist &#8222;Alternate Content&#8220;, festlegen unter &#8222;Stil&#8220;<\/p>\n<\/div><\/section><br \/>\n<section  class='av_textblock_section av-lj5eghci-c0fc8b6dbcc91385a7871a67a8f42d08'  itemscope=\"itemscope\" itemtype=\"https:\/\/schema.org\/CreativeWork\" ><div class='avia_textblock'  itemprop=\"text\" ><p>Klicke hier, um Ihren eigenen Text einzuf\u00fcgen<\/p>\n<blockquote>\n<h6>Klicke hier, um Ihr eigenes ZITAT einzuf\u00fcgen<\/h6>\n<\/blockquote>\n<\/div><\/section><br \/>\n<div  class='avia-button-wrap av-lj5ki2fi-0e38ccf02e1ead74d66a5922ff134459-wrap avia-button-center  avia-builder-el-13  el_after_av_textblock  avia-builder-el-last '><a href=''  class='avia-button av-lj5ki2fi-0e38ccf02e1ead74d66a5922ff134459 avia-icon_select-yes-left-icon avia-size-small avia-position-center avia-color-theme-color'  ><span class='avia_button_icon avia_button_icon_left' aria-hidden='true' data-av_icon='\ue81d' data-av_iconfont='entypo-fontello'><\/span><span class='avia_iconbox_title' >Klick mich<\/span><\/a><\/div><\/p><\/div>\n\n<\/div><\/div><\/div><!-- close content main div --><\/div><\/div><div id='av_section_3'  class='avia-section av-jttm5-e9d8c57149b8fdb4e1ea708501ebcb79 main_color avia-section-default avia-no-border-styling  avia-builder-el-14  el_after_av_section  el_before_av_buttonrow  avia-bg-style-scroll container_wrap sidebar_right'  ><div class='container av-section-cont-open' ><div class='template-page content  av-content-small alpha units'><div class='post-entry post-entry-type-page post-entry-109'><div class='entry-content-wrapper clearfix'>\n<div class='flex_column av-eyy39-5c400c8d76e8e959df4495bd00bbdcf0 av_two_fifth  avia-builder-el-15  el_before_av_three_fifth  avia-builder-el-first  first flex_column_div '     ><p>\n<style type=\"text\/css\" data-created_by=\"avia_inline_auto\" id=\"style-css-av-ev1np-4165e75aa6f0d2fad0edadffb246c3f4\">\n#top .av-special-heading.av-ev1np-4165e75aa6f0d2fad0edadffb246c3f4{\npadding-bottom:10px;\n}\nbody .av-special-heading.av-ev1np-4165e75aa6f0d2fad0edadffb246c3f4 .av-special-heading-tag .heading-char{\nfont-size:25px;\n}\n.av-special-heading.av-ev1np-4165e75aa6f0d2fad0edadffb246c3f4 .av-subheading{\nfont-size:15px;\n}\n<\/style>\n<div  class='av-special-heading av-ev1np-4165e75aa6f0d2fad0edadffb246c3f4 av-special-heading-h3 blockquote modern-quote  avia-builder-el-16  el_before_av_textblock  avia-builder-el-first '><h3 class='av-special-heading-tag'  itemprop=\"headline\"  >Eine nette \u00dcberschrift<\/h3><div class=\"special-heading-border\"><div class=\"special-heading-inner-border\"><\/div><\/div><\/div><br \/>\n<section  class='av_textblock_section av-abkml-9f81ebbb233c02371c6fbe3dc434f6aa'  itemscope=\"itemscope\" itemtype=\"https:\/\/schema.org\/CreativeWork\" ><div class='avia_textblock'  itemprop=\"text\" ><p>Klicke hier, um Ihren eigenen Text einzuf\u00fcgen<\/p>\n<\/div><\/section><\/p><\/div><div class='flex_column av-7ukx9-ea70efbc7de913b26dbe79c78554adf9 av_three_fifth  avia-builder-el-18  el_after_av_two_fifth  el_before_av_one_full  flex_column_div '     ><style type=\"text\/css\" data-created_by=\"avia_inline_auto\" id=\"style-css-av-lj5ja1i0-1c07be04d4ab3cb7595d2c0ba726b911\">\n.avia-image-container.av-lj5ja1i0-1c07be04d4ab3cb7595d2c0ba726b911 img.avia_image{\nbox-shadow:none;\n}\n.avia-image-container.av-lj5ja1i0-1c07be04d4ab3cb7595d2c0ba726b911 .av-image-caption-overlay-center{\ncolor:#ffffff;\n}\n<\/style>\n<div  class='avia-image-container av-lj5ja1i0-1c07be04d4ab3cb7595d2c0ba726b911 av-styling- avia-align-center  avia-builder-el-19  avia-builder-el-no-sibling '   itemprop=\"image\" itemscope=\"itemscope\" itemtype=\"https:\/\/schema.org\/ImageObject\" ><div class=\"avia-image-container-inner\"><div class=\"avia-image-overlay-wrap\"><a href=\"https:\/\/beta.blaustudio.de\/campus\/wp-content\/uploads\/sites\/2\/2023\/06\/Picto-10.png\" data-srcset=\"https:\/\/beta.blaustudio.de\/campus\/wp-content\/uploads\/sites\/2\/2023\/06\/Picto-10.png 845w, https:\/\/beta.blaustudio.de\/campus\/wp-content\/uploads\/sites\/2\/2023\/06\/Picto-10-300x235.png 300w, https:\/\/beta.blaustudio.de\/campus\/wp-content\/uploads\/sites\/2\/2023\/06\/Picto-10-768x601.png 768w, https:\/\/beta.blaustudio.de\/campus\/wp-content\/uploads\/sites\/2\/2023\/06\/Picto-10-705x551.png 705w\" data-sizes=\"(max-width: 845px) 100vw, 845px\" class='avia_image' ><img decoding=\"async\" class='wp-image-93 avia-img-lazy-loading-not-93 avia_image ' src=\"https:\/\/beta.blaustudio.de\/campus\/wp-content\/uploads\/sites\/2\/2023\/06\/Picto-10-300x235.png\" alt='' title='Picto 10'  height=\"235\" width=\"300\"  itemprop=\"thumbnailUrl\" srcset=\"https:\/\/beta.blaustudio.de\/campus\/wp-content\/uploads\/sites\/2\/2023\/06\/Picto-10-300x235.png 300w, https:\/\/beta.blaustudio.de\/campus\/wp-content\/uploads\/sites\/2\/2023\/06\/Picto-10-768x601.png 768w, https:\/\/beta.blaustudio.de\/campus\/wp-content\/uploads\/sites\/2\/2023\/06\/Picto-10-705x551.png 705w, https:\/\/beta.blaustudio.de\/campus\/wp-content\/uploads\/sites\/2\/2023\/06\/Picto-10.png 845w\" sizes=\"(max-width: 300px) 100vw, 300px\" \/><\/a><\/div><\/div><\/div><\/div><div class='flex_column av-dd2r9-48a71fb7b740e9f139b5a5f983469664 av_one_full  avia-builder-el-20  el_after_av_three_fifth  avia-builder-el-last  first flex_column_div '     ><p>\n<style type=\"text\/css\" data-created_by=\"avia_inline_auto\" id=\"style-css-av-lj5jfi8n-3972e3ae1bf725e17900d57f79840ca6\">\n#top .hr.hr-invisible.av-lj5jfi8n-3972e3ae1bf725e17900d57f79840ca6{\nheight:20px;\n}\n<\/style>\n<div  class='hr av-lj5jfi8n-3972e3ae1bf725e17900d57f79840ca6 hr-invisible  avia-builder-el-21  el_before_av_textblock  avia-builder-el-first '><span class='hr-inner '><span class=\"hr-inner-style\"><\/span><\/span><\/div><br \/>\n<section  class='av_textblock_section av-6mnwl-37accd7529d93c67f410bf19bc1f651b'  itemscope=\"itemscope\" itemtype=\"https:\/\/schema.org\/CreativeWork\" ><div class='avia_textblock'  itemprop=\"text\" ><h6>Aliquam eum nulla dolor minus molestiae soluta nulla. Corporis aut commodi est harum exercitationem est autem. Aut quis eum temporibus esse<\/h6>\n<ol>\n<li>Non velit sed numquam<\/li>\n<li>Rerum<\/li>\n<\/ol>\n<p>Corporis id quae adipisci. <a title=\"Nesciunt.\" href=\"http:\/\/connelly.org\/nesciunt-quisquam-non-quis-unde-itaque-pariatur-est\">magni qui veritatis magnam minima. Vel et<\/a> laudantium est at soluta reiciendis Facilis aut excepturi aliquam aspernatur. eligendi eos nam Facere aspernatur tempore corrupti error at sit rerum. Deleniti asperiores nihil ipsam Voluptatum ipsam non modi quibusdam. Officia doloribus rerum eligendi labore quia laudantium. soluta sit asperiores illum nulla dignissimos. Voluptas quam atque optio necessitatibus optio. Veniam doloribus reiciendis corporis beatae omnis consequatur Velit fugit et magnam aut quia cupiditate. Expedita ut est et necessitatibus voluptatum Iusto ipsum qui iste neque quis. dolor eos quis quo sapiente. Sit sed repellat et Et laboriosam perferendis accusantium modi nemo Dicta est at quia magni qui. Et qui incidunt odit Et nostrum at perferendis et odio consequatur. exercitationem consequuntur quam qui. Nihil eum nisi praesentium cupiditate Nesciunt delectus dolores est repudiandae eveniet corrupti magnam. Laudantium dolores mollitia nulla. Velit aut quia aliquam quia culpa et aspernatur. Occaecati libero voluptate quo nihil. non veritatis error. Ipsam ea odit nam Temporibus blanditiis amet exercitationem Earum velit sunt eum nihil delectus.<\/p>\n<\/div><\/section><\/p><\/div><\/div><\/div><\/div><!-- close content main div --><\/div><\/div><div id='after_section_3'  class='main_color av_default_container_wrap container_wrap sidebar_right'  ><div class='container av-section-cont-open' ><div class='template-page content  av-content-small alpha units'><div class='post-entry post-entry-type-page post-entry-109'><div class='entry-content-wrapper clearfix'><div  class='avia-buttonrow-wrap av-31w3p-694bfb9a5e7b4eda3098e0e1095e4a1e avia-buttonrow-center  avia-builder-el-23  el_after_av_section  el_before_av_button  avia-builder-el-first '>\n\n<style type=\"text\/css\" data-created_by=\"avia_inline_auto\" id=\"style-css-av-qmril-1a743cfd330fc96577b25653725180c7\">\n#top #wrap_all .avia-button.av-qmril-1a743cfd330fc96577b25653725180c7{\nmargin-bottom:5px;\nmargin-right:3px;\nmargin-left:3px;\n}\n<\/style>\n<a href=''  class='avia-button av-qmril-1a743cfd330fc96577b25653725180c7 avia-icon_select-yes-left-icon avia-size-small avia-color-theme-color'  ><span class='avia_button_icon avia_button_icon_left ' aria-hidden='true' data-av_icon='\ue841' data-av_iconfont='entypo-fontello'><\/span><span class='avia_iconbox_title' >Klick mich<\/span><\/a>\n\n<style type=\"text\/css\" data-created_by=\"avia_inline_auto\" id=\"style-css-av-mtwth-477b38e6db1c89312b534d1747f6a652\">\n#top #wrap_all .avia-button.av-mtwth-477b38e6db1c89312b534d1747f6a652{\nmargin-bottom:5px;\nmargin-right:3px;\nmargin-left:3px;\n}\n<\/style>\n<a href=''  class='avia-button av-mtwth-477b38e6db1c89312b534d1747f6a652 avia-icon_select-yes-left-icon avia-size-small avia-color-theme-color'  ><span class='avia_button_icon avia_button_icon_left ' aria-hidden='true' data-av_icon='\ue805' data-av_iconfont='entypo-fontello'><\/span><span class='avia_iconbox_title' >Aufruf zum Handeln<\/span><\/a>\n\n<style type=\"text\/css\" data-created_by=\"avia_inline_auto\" id=\"style-css-av-cigwl-e3b61ab152acda918d79c92cddeacdef\">\n#top #wrap_all .avia-button.av-cigwl-e3b61ab152acda918d79c92cddeacdef{\nmargin-bottom:5px;\nmargin-right:3px;\nmargin-left:3px;\n}\n<\/style>\n<a href=''  class='avia-button av-cigwl-e3b61ab152acda918d79c92cddeacdef avia-icon_select-yes-left-icon avia-size-small avia-color-theme-color'  ><span class='avia_button_icon avia_button_icon_left ' aria-hidden='true' data-av_icon='\ue836' data-av_iconfont='entypo-fontello'><\/span><span class='avia_iconbox_title' >Klick mich<\/span><\/a>\n<\/div><\/p>\n<div  class='avia-button-wrap av-7z7l9-2bce816bce89a1b5b597e874be03724b-wrap avia-button-center  avia-builder-el-24  el_after_av_buttonrow  avia-builder-el-last '><a href=''  class='avia-button av-7z7l9-2bce816bce89a1b5b597e874be03724b avia-icon_select-yes-left-icon avia-size-small avia-position-center avia-color-theme-color'  ><span class='avia_button_icon avia_button_icon_left' aria-hidden='true' data-av_icon='' data-av_iconfont='entypo-fontello'><\/span><span class='avia_iconbox_title' >Klick mich<\/span><\/a><\/div>\n","protected":false},"excerpt":{"rendered":"","protected":false},"author":3,"featured_media":0,"parent":0,"menu_order":0,"comment_status":"closed","ping_status":"closed","template":"","meta":{"footnotes":""},"class_list":["post-109","page","type-page","status-publish","hentry"],"yoast_head":"<!-- This site is optimized with the Yoast SEO plugin v25.6 - https:\/\/yoast.com\/wordpress\/plugins\/seo\/ -->\n<title>Dummy-Campus - Blaustudio-Campus<\/title>\n<meta name=\"robots\" content=\"noindex, follow, max-snippet:-1, max-image-preview:large, max-video-preview:-1\" \/>\n<meta property=\"og:locale\" content=\"de_DE\" \/>\n<meta property=\"og:type\" content=\"article\" \/>\n<meta property=\"og:title\" content=\"Dummy-Campus - Blaustudio-Campus\" \/>\n<meta property=\"og:url\" content=\"https:\/\/beta.blaustudio.de\/campus\/dummy-campus\/\" \/>\n<meta property=\"og:site_name\" content=\"Blaustudio-Campus\" \/>\n<meta property=\"article:modified_time\" content=\"2023-06-21T15:19:21+00:00\" \/>\n<meta name=\"twitter:card\" content=\"summary_large_image\" \/>\n<meta name=\"twitter:label1\" content=\"Gesch\u00e4tzte Lesezeit\" \/>\n\t<meta name=\"twitter:data1\" content=\"11\u00a0Minuten\" \/>\n<script type=\"application\/ld+json\" class=\"yoast-schema-graph\">{\"@context\":\"https:\/\/schema.org\",\"@graph\":[{\"@type\":\"WebPage\",\"@id\":\"https:\/\/beta.blaustudio.de\/campus\/dummy-campus\/\",\"url\":\"https:\/\/beta.blaustudio.de\/campus\/dummy-campus\/\",\"name\":\"Dummy-Campus - Blaustudio-Campus\",\"isPartOf\":{\"@id\":\"https:\/\/beta.blaustudio.de\/campus\/#website\"},\"datePublished\":\"2023-06-21T10:24:49+00:00\",\"dateModified\":\"2023-06-21T15:19:21+00:00\",\"breadcrumb\":{\"@id\":\"https:\/\/beta.blaustudio.de\/campus\/dummy-campus\/#breadcrumb\"},\"inLanguage\":\"de\",\"potentialAction\":[{\"@type\":\"ReadAction\",\"target\":[\"https:\/\/beta.blaustudio.de\/campus\/dummy-campus\/\"]}]},{\"@type\":\"BreadcrumbList\",\"@id\":\"https:\/\/beta.blaustudio.de\/campus\/dummy-campus\/#breadcrumb\",\"itemListElement\":[{\"@type\":\"ListItem\",\"position\":1,\"name\":\"Startseite\",\"item\":\"https:\/\/beta.blaustudio.de\/campus\/\"},{\"@type\":\"ListItem\",\"position\":2,\"name\":\"Dummy-Campus\"}]},{\"@type\":\"WebSite\",\"@id\":\"https:\/\/beta.blaustudio.de\/campus\/#website\",\"url\":\"https:\/\/beta.blaustudio.de\/campus\/\",\"name\":\"Blaustudio-Campus\",\"description\":\"Eine weitere Blaustudio Websites Website\",\"potentialAction\":[{\"@type\":\"SearchAction\",\"target\":{\"@type\":\"EntryPoint\",\"urlTemplate\":\"https:\/\/beta.blaustudio.de\/campus\/?s={search_term_string}\"},\"query-input\":{\"@type\":\"PropertyValueSpecification\",\"valueRequired\":true,\"valueName\":\"search_term_string\"}}],\"inLanguage\":\"de\"}]}<\/script>\n<!-- \/ Yoast SEO plugin. -->","yoast_head_json":{"title":"Dummy-Campus - Blaustudio-Campus","robots":{"index":"noindex","follow":"follow","max-snippet":"max-snippet:-1","max-image-preview":"max-image-preview:large","max-video-preview":"max-video-preview:-1"},"og_locale":"de_DE","og_type":"article","og_title":"Dummy-Campus - Blaustudio-Campus","og_url":"https:\/\/beta.blaustudio.de\/campus\/dummy-campus\/","og_site_name":"Blaustudio-Campus","article_modified_time":"2023-06-21T15:19:21+00:00","twitter_card":"summary_large_image","twitter_misc":{"Gesch\u00e4tzte Lesezeit":"11\u00a0Minuten"},"schema":{"@context":"https:\/\/schema.org","@graph":[{"@type":"WebPage","@id":"https:\/\/beta.blaustudio.de\/campus\/dummy-campus\/","url":"https:\/\/beta.blaustudio.de\/campus\/dummy-campus\/","name":"Dummy-Campus - Blaustudio-Campus","isPartOf":{"@id":"https:\/\/beta.blaustudio.de\/campus\/#website"},"datePublished":"2023-06-21T10:24:49+00:00","dateModified":"2023-06-21T15:19:21+00:00","breadcrumb":{"@id":"https:\/\/beta.blaustudio.de\/campus\/dummy-campus\/#breadcrumb"},"inLanguage":"de","potentialAction":[{"@type":"ReadAction","target":["https:\/\/beta.blaustudio.de\/campus\/dummy-campus\/"]}]},{"@type":"BreadcrumbList","@id":"https:\/\/beta.blaustudio.de\/campus\/dummy-campus\/#breadcrumb","itemListElement":[{"@type":"ListItem","position":1,"name":"Startseite","item":"https:\/\/beta.blaustudio.de\/campus\/"},{"@type":"ListItem","position":2,"name":"Dummy-Campus"}]},{"@type":"WebSite","@id":"https:\/\/beta.blaustudio.de\/campus\/#website","url":"https:\/\/beta.blaustudio.de\/campus\/","name":"Blaustudio-Campus","description":"Eine weitere Blaustudio Websites Website","potentialAction":[{"@type":"SearchAction","target":{"@type":"EntryPoint","urlTemplate":"https:\/\/beta.blaustudio.de\/campus\/?s={search_term_string}"},"query-input":{"@type":"PropertyValueSpecification","valueRequired":true,"valueName":"search_term_string"}}],"inLanguage":"de"}]}},"_links":{"self":[{"href":"https:\/\/beta.blaustudio.de\/campus\/wp-json\/wp\/v2\/pages\/109"}],"collection":[{"href":"https:\/\/beta.blaustudio.de\/campus\/wp-json\/wp\/v2\/pages"}],"about":[{"href":"https:\/\/beta.blaustudio.de\/campus\/wp-json\/wp\/v2\/types\/page"}],"author":[{"embeddable":true,"href":"https:\/\/beta.blaustudio.de\/campus\/wp-json\/wp\/v2\/users\/3"}],"replies":[{"embeddable":true,"href":"https:\/\/beta.blaustudio.de\/campus\/wp-json\/wp\/v2\/comments?post=109"}],"version-history":[{"count":3,"href":"https:\/\/beta.blaustudio.de\/campus\/wp-json\/wp\/v2\/pages\/109\/revisions"}],"predecessor-version":[{"id":190,"href":"https:\/\/beta.blaustudio.de\/campus\/wp-json\/wp\/v2\/pages\/109\/revisions\/190"}],"wp:attachment":[{"href":"https:\/\/beta.blaustudio.de\/campus\/wp-json\/wp\/v2\/media?parent=109"}],"curies":[{"name":"wp","href":"https:\/\/api.w.org\/{rel}","templated":true}]}}